{"id":462,"date":"2026-02-15T20:33:17","date_gmt":"2026-02-16T00:33:17","guid":{"rendered":"https:\/\/www.ic2snet.com\/?post_type=product&#038;p=462"},"modified":"2026-02-15T20:54:16","modified_gmt":"2026-02-16T00:54:16","slug":"hpe-proliant-microserver-gen11-e-2434-4c-32gb-u-4lff-nhp-2x4tb-hdd-180w-external-ps-emea-cmp-mod-svr-serveur-8-to-ultra-micro-tower-intel-xeon-34-ghz-32-go-ddr5-sdram","status":"publish","type":"product","link":"https:\/\/www.ic2snet.com\/index.php\/produit\/hpe-proliant-microserver-gen11-e-2434-4c-32gb-u-4lff-nhp-2x4tb-hdd-180w-external-ps-emea-cmp-mod-svr-serveur-8-to-ultra-micro-tower-intel-xeon-34-ghz-32-go-ddr5-sdram\/","title":{"rendered":"HPE ProLiant MicroServer Gen11 E-2434 4c 32GB 2x4TB"},"content":{"rendered":"<p>HPE ProLiant MicroServer Gen11 E-2434 4c 32GB-U 4LFF-NHP 2x4TB HDD 180W External PS EMEA Cmp Mod Svr. Famille de processeur: Intel\u00ae Xeon\u00ae, Fr\u00e9quence du processeur: 3,4 GHz, Mod\u00e8le de processeur: E-2434. M\u00e9moire interne: 32 Go, Type de m\u00e9moire interne: DDR5-SDRAM, Configuration de la m\u00e9moire (fente x taille): 1 x 32 Go. Capacit\u00e9 totale de stockage: 8 To, Interface du disque dur: SATA III. Ethernet\/LAN. Alimentation d&rsquo;\u00e9nergie: 180 W, Alimentation redondante (RPS). Type de ch\u00e2ssis: Ultra Micro Tower<\/p>\n","protected":false},"excerpt":{"rendered":"<p>Intel\u00ae Xeon\u00ae E-2434 3,4 GHz<br \/>\n32 Go 4400 MHz DDR5-SDRAM 1 x 32<br \/>\n8 To<br \/>\nUltra Micro Tower 180 W<\/p>\n","protected":false},"featured_media":465,"template":"","meta":[],"product_brand":[138],"product_cat":[137],"product_tag":[],"class_list":{"0":"post-462","1":"product","2":"type-product","3":"status-publish","4":"has-post-thumbnail","6":"product_brand-hpe-entreprise","7":"product_cat-serveur-hpe","9":"first","10":"onbackorder","11":"taxable","12":"shipping-taxable","13":"purchasable","14":"product-type-simple"},"jetpack_sharing_enabled":true,"_links":{"self":[{"href":"https:\/\/www.ic2snet.com\/index.php\/wp-json\/wp\/v2\/product\/462","targetHints":{"allow":["GET"]}}],"collection":[{"href":"https:\/\/www.ic2snet.com\/index.php\/wp-json\/wp\/v2\/product"}],"about":[{"href":"https:\/\/www.ic2snet.com\/index.php\/wp-json\/wp\/v2\/types\/product"}],"wp:featuredmedia":[{"embeddable":true,"href":"https:\/\/www.ic2snet.com\/index.php\/wp-json\/wp\/v2\/media\/465"}],"wp:attachment":[{"href":"https:\/\/www.ic2snet.com\/index.php\/wp-json\/wp\/v2\/media?parent=462"}],"wp:term":[{"taxonomy":"product_brand","embeddable":true,"href":"https:\/\/www.ic2snet.com\/index.php\/wp-json\/wp\/v2\/product_brand?post=462"},{"taxonomy":"product_cat","embeddable":true,"href":"https:\/\/www.ic2snet.com\/index.php\/wp-json\/wp\/v2\/product_cat?post=462"},{"taxonomy":"product_tag","embeddable":true,"href":"https:\/\/www.ic2snet.com\/index.php\/wp-json\/wp\/v2\/product_tag?post=462"}],"curies":[{"name":"wp","href":"https:\/\/api.w.org\/{rel}","templated":true}]}}