{"id":434,"date":"2025-11-21T08:19:05","date_gmt":"2025-11-21T12:19:05","guid":{"rendered":"https:\/\/www.ic2snet.com\/?post_type=product&#038;p=434"},"modified":"2026-02-15T20:58:59","modified_gmt":"2026-02-16T00:58:59","slug":"serveur-noeud-kas-btc-i5-16gb-2tb","status":"publish","type":"product","link":"https:\/\/www.ic2snet.com\/index.php\/produit\/serveur-noeud-kas-btc-i5-16gb-2tb\/","title":{"rendered":"HP EliteDesk &#8211; Noeud Nextcloud AIO\/KAS\/BTC &#8211; Intel i5 16GB 2TB HDD"},"content":{"rendered":"<p>Le HP EliteDesk est un mini serveur con\u00e7u pour garantir votre souverainet\u00e9 num\u00e9rique.<br \/>\nH\u00e9bergez vos propres applications, vos donn\u00e9es et vos n\u0153ud Bitcoin\/Kaspa ou autres, sans interm\u00e9diaires ni cloud externe.<\/p>\n<p>\ud83d\udca1 Points forts :<br \/>\n\ud83d\udd27 Mat\u00e9riel haut de gamme \u2013 Intel I5, 16 Go DDR4, 2 To NVMe SSD<br \/>\n\ud83e\udde0 Syst\u00e8me Linux Debian\/Unbuntu \u2013 open source, ax\u00e9 sur la confidentialit\u00e9, facile \u00e0 utiliser<\/p>\n<p>\u2601\ufe0f Cloud priv\u00e9 &#038; services personnels \u2013 fichiers, agenda, contacts, mots de passe (Nextcloud AIO)<br \/>\n\u20bf N\u0153ud Bitcoin, Lightning &#038; Kaspa \u2013 autonomie compl\u00e8te sur vos finances<\/p>\n<p>\ud83d\udee0\ufe0f Services auto-h\u00e9berg\u00e9s \u2013 alternatives \u00e0 Dropbox, LastPass, Google, GitHub<br \/>\n\ud83d\udccf Caract\u00e9ristiques techniques :<br \/>\nProcesseur : Intel I5<br \/>\nM\u00e9moire vive : 16 Go DDR4<br \/>\nStockage : SSD NVMe de 2 To<br \/>\nGraphique : AMD Radeon\u2122 Graphics<br \/>\nR\u00e9seau : 1\u00d7 Ethernet Gigabit (RJ45)<br \/>\nPorts : 2\u00d7 USB 3.0, 2\u00d7 USB 2.0, 1\u00d7 USB-C 3.1, 2\u00d7 HDMI<br \/>\nDimensions : 11,4 \u00d7 10,6 \u00d7 3,75 cm<br \/>\nPoids : 0,4 kg<br \/>\nAlimentation : DC 19V\/5A<\/p>\n","protected":false},"excerpt":{"rendered":"<p>Le HP ProDesk est un mini serveur personnel puissant con\u00e7u pour garantir votre souverainet\u00e9 num\u00e9rique. H\u00e9bergez vos propres applications, vos donn\u00e9es et vos n\u0153ud Bitcoin\/Kaspa ou autres, sans interm\u00e9diaires ni cloud externe.<\/p>\n","protected":false},"featured_media":437,"template":"","meta":[],"product_brand":[],"product_cat":[135,136],"product_tag":[],"class_list":{"0":"post-434","1":"product","2":"type-product","3":"status-publish","4":"has-post-thumbnail","6":"product_cat-non-classe","7":"product_cat-micro-serveur-noeud","9":"first","10":"onbackorder","11":"taxable","12":"shipping-taxable","13":"purchasable","14":"product-type-simple"},"jetpack_sharing_enabled":true,"_links":{"self":[{"href":"https:\/\/www.ic2snet.com\/index.php\/wp-json\/wp\/v2\/product\/434","targetHints":{"allow":["GET"]}}],"collection":[{"href":"https:\/\/www.ic2snet.com\/index.php\/wp-json\/wp\/v2\/product"}],"about":[{"href":"https:\/\/www.ic2snet.com\/index.php\/wp-json\/wp\/v2\/types\/product"}],"wp:featuredmedia":[{"embeddable":true,"href":"https:\/\/www.ic2snet.com\/index.php\/wp-json\/wp\/v2\/media\/437"}],"wp:attachment":[{"href":"https:\/\/www.ic2snet.com\/index.php\/wp-json\/wp\/v2\/media?parent=434"}],"wp:term":[{"taxonomy":"product_brand","embeddable":true,"href":"https:\/\/www.ic2snet.com\/index.php\/wp-json\/wp\/v2\/product_brand?post=434"},{"taxonomy":"product_cat","embeddable":true,"href":"https:\/\/www.ic2snet.com\/index.php\/wp-json\/wp\/v2\/product_cat?post=434"},{"taxonomy":"product_tag","embeddable":true,"href":"https:\/\/www.ic2snet.com\/index.php\/wp-json\/wp\/v2\/product_tag?post=434"}],"curies":[{"name":"wp","href":"https:\/\/api.w.org\/{rel}","templated":true}]}}